{"id":52,"date":"2023-11-26T13:05:30","date_gmt":"2023-11-26T12:05:30","guid":{"rendered":"http:\/\/anso.uk\/?page_id=52"},"modified":"2024-06-07T15:54:11","modified_gmt":"2024-06-07T13:54:11","slug":"c-v","status":"publish","type":"page","link":"https:\/\/anso.uk\/index.php\/c-v\/","title":{"rendered":"Contacts"},"content":{"rendered":"\n<p class=\"has-small-font-size\">R\u00e9sidant en Normandie je suis mobile \u00e0 Paris, en province et \u00e0 l&#8217;\u00e9tranger.<\/p>\n\n\n\n<p><strong>email<\/strong> : contact@anso.uk<\/p>\n\n\n\n<p><\/p>\n","protected":false},"excerpt":{"rendered":"<p>R\u00e9sidant en Normandie je suis mobile \u00e0 Paris, en province et \u00e0 l&#8217;\u00e9tranger. email : contact@anso.uk<\/p>\n","protected":false},"author":2,"featured_media":0,"parent":0,"menu_order":0,"comment_status":"closed","ping_status":"closed","template":"","meta":{"footnotes":""},"class_list":["post-52","page","type-page","status-publish","hentry"],"_links":{"self":[{"href":"https:\/\/anso.uk\/index.php\/wp-json\/wp\/v2\/pages\/52","targetHints":{"allow":["GET"]}}],"collection":[{"href":"https:\/\/anso.uk\/index.php\/wp-json\/wp\/v2\/pages"}],"about":[{"href":"https:\/\/anso.uk\/index.php\/wp-json\/wp\/v2\/types\/page"}],"author":[{"embeddable":true,"href":"https:\/\/anso.uk\/index.php\/wp-json\/wp\/v2\/users\/2"}],"replies":[{"embeddable":true,"href":"https:\/\/anso.uk\/index.php\/wp-json\/wp\/v2\/comments?post=52"}],"version-history":[{"count":8,"href":"https:\/\/anso.uk\/index.php\/wp-json\/wp\/v2\/pages\/52\/revisions"}],"predecessor-version":[{"id":236,"href":"https:\/\/anso.uk\/index.php\/wp-json\/wp\/v2\/pages\/52\/revisions\/236"}],"wp:attachment":[{"href":"https:\/\/anso.uk\/index.php\/wp-json\/wp\/v2\/media?parent=52"}],"curies":[{"name":"wp","href":"https:\/\/api.w.org\/{rel}","templated":true}]}}