{"id":51,"date":"2023-11-26T13:05:30","date_gmt":"2023-11-26T12:05:30","guid":{"rendered":"http:\/\/anso.uk\/?page_id=51"},"modified":"2025-09-14T18:08:53","modified_gmt":"2025-09-14T16:08:53","slug":"projets-en-developpement","status":"publish","type":"page","link":"https:\/\/anso.uk\/index.php\/projets-en-developpement\/","title":{"rendered":"Projets en d\u00e9veloppement"},"content":{"rendered":"\n<p class=\"has-medium-font-size\">. Long M\u00e9trage (Com\u00e9die Dramatique) : <strong>Tomates aux herbes<\/strong><\/p>\n\n\n\n<p>. Court M\u00e9trage (Drame) : <strong>Organis\u00e9e<\/strong><\/p>\n\n\n\n<p>. Mini S\u00e9rie (6&#215;52&#8242;) : <strong>Vernis<\/strong><\/p>\n\n\n\n<p class=\"has-large-font-size\"><strong>PARTAGE D&#8217;EXPERIENCE :<\/strong><\/p>\n\n\n\n<p>Clip radio (60 secondes sur le th\u00e8me du bonheur) : <strong>Welcome back<\/strong> (n\u00b037) \u00e0 \u00e9couter ici :<\/p>\n\n\n\n<p><a href=\"https:\/\/www.60secondesradio.com\/oeuvres-2024\">Oeuvres 2024 \u2014 60 Secondes Radio<\/a><\/p>\n","protected":false},"excerpt":{"rendered":"<p>. Long M\u00e9trage (Com\u00e9die Dramatique) : Tomates aux herbes . Court M\u00e9trage (Drame) : Organis\u00e9e . Mini S\u00e9rie (6&#215;52&#8242;) : Vernis PARTAGE D&#8217;EXPERIENCE : Clip radio (60 secondes sur le th\u00e8me du bonheur) : Welcome back (n\u00b037) \u00e0 \u00e9couter ici : Oeuvres 2024 \u2014 60 Secondes Radio<\/p>\n","protected":false},"author":2,"featured_media":0,"parent":0,"menu_order":0,"comment_status":"closed","ping_status":"closed","template":"","meta":{"footnotes":""},"class_list":["post-51","page","type-page","status-publish","hentry"],"_links":{"self":[{"href":"https:\/\/anso.uk\/index.php\/wp-json\/wp\/v2\/pages\/51","targetHints":{"allow":["GET"]}}],"collection":[{"href":"https:\/\/anso.uk\/index.php\/wp-json\/wp\/v2\/pages"}],"about":[{"href":"https:\/\/anso.uk\/index.php\/wp-json\/wp\/v2\/types\/page"}],"author":[{"embeddable":true,"href":"https:\/\/anso.uk\/index.php\/wp-json\/wp\/v2\/users\/2"}],"replies":[{"embeddable":true,"href":"https:\/\/anso.uk\/index.php\/wp-json\/wp\/v2\/comments?post=51"}],"version-history":[{"count":19,"href":"https:\/\/anso.uk\/index.php\/wp-json\/wp\/v2\/pages\/51\/revisions"}],"predecessor-version":[{"id":347,"href":"https:\/\/anso.uk\/index.php\/wp-json\/wp\/v2\/pages\/51\/revisions\/347"}],"wp:attachment":[{"href":"https:\/\/anso.uk\/index.php\/wp-json\/wp\/v2\/media?parent=51"}],"curies":[{"name":"wp","href":"https:\/\/api.w.org\/{rel}","templated":true}]}}